{"id":3626,"date":"2021-11-18T16:31:23","date_gmt":"2021-11-18T21:31:23","guid":{"rendered":"https:\/\/museedeshospitalieres.qc.ca\/?page_id=3626"},"modified":"2021-11-18T16:31:23","modified_gmt":"2021-11-18T21:31:23","slug":"exhibitions","status":"publish","type":"page","link":"https:\/\/museedeshospitalieres.qc.ca\/en\/exhibitions\/","title":{"rendered":"Exhibitions"},"content":{"rendered":"<div class=\"wpb-content-wrapper\"><p>[vc_row content_placement=&#8221;middle&#8221; row_content_width=&#8221;grid&#8221; content_text_aligment=&#8221;center&#8221; css=&#8221;.vc_custom_1611642837788{padding-bottom: 51px !important;}&#8221;][vc_column offset=&#8221;vc_col-lg-offset-0 vc_col-lg-12 vc_col-md-offset-0 vc_col-md-12 vc_col-sm-offset-0 vc_col-xs-12&#8243;]<div class=\"eltdf-section-title-holder   eltdf-st-decorative-line\" >\n\t<div class=\"eltdf-st-inner\">\n                    <span class=\"eltdf-st-caption\" style=\"color: #c9ab81;margin: 0 0 6px 0\">\n                <span class=\"eltdf-st-caption-inner\" >Current<\/span>\n            <\/span>\n        \t\t\t\t\t<h2 class=\"eltdf-st-title\" >\n    <span class=\"eltdf-st-title-inner\"><span class=\"eltdf-st-side-line-left\" ><\/span>Exhibitions<span class=\"eltdf-st-side-line-right\" ><\/span><\/span>\n\t\t\t<\/h2>\n\t\t\t\t\t\t\t<\/div>\n<\/div>[\/vc_column][\/vc_row][vc_row row_content_width=&#8221;grid&#8221; css=&#8221;.vc_custom_1569500164596{padding-bottom: 80px !important;}&#8221;][vc_column]<div class=\"eltdf-show-list-holder eltdf-sl-gallery  eltdf-normal-space eltdf-sl-two-columns eltdf-sl-pag-load-more\"  data-type=gallery data-number-of-columns=2 data-space-between-items=normal data-number-of-items=2 data-selected-shows=3620,3621 data-title-tag=h4 data-image-proportions=full data-enable-fixed-proportions=no data-show-category=yes data-show-date-range=no data-orderby=date data-order=ASC data-show-single-layout=info-bellow data-show-slider=no data-slider-navigation=no data-slider-pagination=no data-pagination-type=load-more data-slider-autoplay=no data-max-num-pages=1 data-next-page=2>\n\t<div class=\"eltdf-sl-inner eltdf-outer-space \" data-number-of-items=\"2\" data-enable-navigation=\"no\" data-enable-pagination=\"no\" data-enable-autoplay=\"no\">\n\t\t\n<div class=\"eltdf-show eltdf-item-space  show-item has-post-thumbnail hentry show-category-exhibition info-bellow post-3620 type-show-item status-publish hentry show-category-exhibitions show-category-permanent info-bellow\">\n\t<div class=\"eltdf-show-inner\">\n\t\t\t\t\t<div class=\"eltdf-show-image\">\n\t\t\t\t<a itemprop=\"url\" href=\"https:\/\/museedeshospitalieres.qc.ca\/en\/activites\/exploring-a-hospital-heritage\/\" target=\"_self\">\n\t\t\t\t\t<img loading=\"lazy\" decoding=\"async\" width=\"800\" height=\"800\" src=\"https:\/\/museedeshospitalieres.qc.ca\/wp-content\/uploads\/2019\/09\/Exposition-permanente_Patrimoine-hospitalier.jpg\" class=\"attachment-full size-full\" alt=\"\u00c9tudiantes infirmi\u00e8res dans les ann\u00e9es 1960 au Qu\u00e9bec\" srcset=\"https:\/\/museedeshospitalieres.qc.ca\/wp-content\/uploads\/2019\/09\/Exposition-permanente_Patrimoine-hospitalier.jpg 800w, https:\/\/museedeshospitalieres.qc.ca\/wp-content\/uploads\/2019\/09\/Exposition-permanente_Patrimoine-hospitalier-300x300.jpg 300w, https:\/\/museedeshospitalieres.qc.ca\/wp-content\/uploads\/2019\/09\/Exposition-permanente_Patrimoine-hospitalier-150x150.jpg 150w, https:\/\/museedeshospitalieres.qc.ca\/wp-content\/uploads\/2019\/09\/Exposition-permanente_Patrimoine-hospitalier-768x768.jpg 768w, https:\/\/museedeshospitalieres.qc.ca\/wp-content\/uploads\/2019\/09\/Exposition-permanente_Patrimoine-hospitalier-650x650.jpg 650w\" sizes=\"auto, (max-width: 800px) 100vw, 800px\" \/>\t\t\t\t<\/a>\n\t\t\t<\/div>\n\t\t\t\t<div class=\"eltdf-show-info\">\n            <div class=\"eltdf-show-info-wrapper\">\n                                    <div class=\"eltdf-show-categories-holder\">\n                                                    <a itemprop=\"url\" class=\"eltdf-show-categories\" href=\"https:\/\/museedeshospitalieres.qc.ca\/en\/shows-category\/exhibitions\/\">Exhibitions<\/a>\n                                                    <a itemprop=\"url\" class=\"eltdf-show-categories\" href=\"https:\/\/museedeshospitalieres.qc.ca\/en\/shows-category\/permanent\/\">Permanent<\/a>\n                                            <\/div>\n                                                <div class=\"eltdf-show-title-holder\">\n                    <h4 itemprop=\"name\" class=\"eltdf-show-name entry-title\">\n                        <a itemprop=\"url\" href=\"https:\/\/museedeshospitalieres.qc.ca\/en\/activites\/exploring-a-hospital-heritage\/\">Exploring a hospital heritage<\/a>\n                    <\/h4>\n                <\/div>\n            <\/div>\n                            <div class=\"eltdf-show-excerpt-holder\">\n                    <span>[vc_row][vc_column][\/vc_column][\/vc_row]<\/span>\n                <\/div>\n                        <div class=\"eltdf-event-post-read-more-button\">\n                <a itemprop=\"url\" href=\"https:\/\/museedeshospitalieres.qc.ca\/en\/activites\/exploring-a-hospital-heritage\/\" target=\"_self\"  class=\"eltdf-btn eltdf-btn-medium eltdf-btn-simple eltdf-blog-list-button\"  >    <span class=\"eltdf-btn-text\">View more<\/span>    <\/a>            <\/div>\n\t\t<\/div>\n\t<\/div>\n<\/div>\n<div class=\"eltdf-show eltdf-item-space  show-item has-post-thumbnail hentry show-category-exhibition info-bellow post-3621 type-show-item status-publish hentry show-category-exhibitions show-category-temporary info-bellow\">\n\t<div class=\"eltdf-show-inner\">\n\t\t\t\t\t<div class=\"eltdf-show-image\">\n\t\t\t\t<a itemprop=\"url\" href=\"https:\/\/museedeshospitalieres.qc.ca\/en\/activites\/medicine-and-charity\/\" target=\"_self\">\n\t\t\t\t\t<img loading=\"lazy\" decoding=\"async\" width=\"800\" height=\"800\" src=\"https:\/\/museedeshospitalieres.qc.ca\/wp-content\/uploads\/2019\/09\/800x800px.jpg\" class=\"attachment-full size-full\" alt=\"\" srcset=\"https:\/\/museedeshospitalieres.qc.ca\/wp-content\/uploads\/2019\/09\/800x800px.jpg 800w, https:\/\/museedeshospitalieres.qc.ca\/wp-content\/uploads\/2019\/09\/800x800px-300x300.jpg 300w, https:\/\/museedeshospitalieres.qc.ca\/wp-content\/uploads\/2019\/09\/800x800px-150x150.jpg 150w, https:\/\/museedeshospitalieres.qc.ca\/wp-content\/uploads\/2019\/09\/800x800px-768x768.jpg 768w, https:\/\/museedeshospitalieres.qc.ca\/wp-content\/uploads\/2019\/09\/800x800px-650x650.jpg 650w\" sizes=\"auto, (max-width: 800px) 100vw, 800px\" \/>\t\t\t\t<\/a>\n\t\t\t<\/div>\n\t\t\t\t<div class=\"eltdf-show-info\">\n            <div class=\"eltdf-show-info-wrapper\">\n                                    <div class=\"eltdf-show-categories-holder\">\n                                                    <a itemprop=\"url\" class=\"eltdf-show-categories\" href=\"https:\/\/museedeshospitalieres.qc.ca\/en\/shows-category\/exhibitions\/\">Exhibitions<\/a>\n                                                    <a itemprop=\"url\" class=\"eltdf-show-categories\" href=\"https:\/\/museedeshospitalieres.qc.ca\/en\/shows-category\/temporary\/\">Temporary<\/a>\n                                            <\/div>\n                                                <div class=\"eltdf-show-title-holder\">\n                    <h4 itemprop=\"name\" class=\"eltdf-show-name entry-title\">\n                        <a itemprop=\"url\" href=\"https:\/\/museedeshospitalieres.qc.ca\/en\/activites\/medicine-and-charity\/\">Medicine and Charity<\/a>\n                    <\/h4>\n                <\/div>\n            <\/div>\n                            <div class=\"eltdf-show-excerpt-holder\">\n                    <span>[vc_row][vc_column][\/vc_column][\/vc_row]<\/span>\n                <\/div>\n                        <div class=\"eltdf-event-post-read-more-button\">\n                <a itemprop=\"url\" href=\"https:\/\/museedeshospitalieres.qc.ca\/en\/activites\/medicine-and-charity\/\" target=\"_self\"  class=\"eltdf-btn eltdf-btn-medium eltdf-btn-simple eltdf-blog-list-button\"  >    <span class=\"eltdf-btn-text\">View more<\/span>    <\/a>            <\/div>\n\t\t<\/div>\n\t<\/div>\n<\/div>\t<\/div>\n\t<\/div>[\/vc_column][\/vc_row][vc_row content_placement=&#8221;middle&#8221; row_content_width=&#8221;grid&#8221; content_text_aligment=&#8221;center&#8221; css=&#8221;.vc_custom_1611642837788{padding-bottom: 51px !important;}&#8221;][vc_column offset=&#8221;vc_col-lg-offset-0 vc_col-lg-12 vc_col-md-offset-0 vc_col-md-12 vc_col-sm-offset-0 vc_col-xs-12&#8243;]<div class=\"eltdf-section-title-holder   eltdf-st-decorative-line\" >\n\t<div class=\"eltdf-st-inner\">\n                    <span class=\"eltdf-st-caption\" style=\"color: #c9ab81;margin: 0 0 6px 0\">\n                <span class=\"eltdf-st-caption-inner\" >Past<\/span>\n            <\/span>\n        \t\t\t\t\t<h2 class=\"eltdf-st-title\" >\n    <span class=\"eltdf-st-title-inner\"><span class=\"eltdf-st-side-line-left\" ><\/span>Exhibitions<span class=\"eltdf-st-side-line-right\" ><\/span><\/span>\n\t\t\t<\/h2>\n\t\t\t\t\t\t\t<\/div>\n<\/div>[\/vc_column][\/vc_row][vc_row row_content_width=&#8221;grid&#8221; css=&#8221;.vc_custom_1569500187539{padding-bottom: 80px !important;}&#8221;][vc_column]<div class=\"eltdf-show-list-holder eltdf-sl-gallery  eltdf-normal-space eltdf-sl-three-columns eltdf-sl-pag-standard\"  data-type=gallery data-number-of-columns=3 data-space-between-items=normal data-number-of-items=3 data-category=past-exhibitions data-title-tag=h5 data-image-proportions=full data-enable-fixed-proportions=no data-show-category=yes data-show-date-range=no data-orderby=date data-order=DESC data-show-single-layout=info-bellow data-show-slider=no data-slider-navigation=no data-slider-pagination=no data-pagination-type=standard data-slider-autoplay=no data-max-num-pages=2 data-next-page=2>\n\t<div class=\"eltdf-sl-inner eltdf-outer-space \" data-number-of-items=\"3\" data-enable-navigation=\"no\" data-enable-pagination=\"no\" data-enable-autoplay=\"no\">\n\t\t\n<div class=\"eltdf-show eltdf-item-space  show-item has-post-thumbnail hentry show-category-exhibition info-bellow post-5331 type-show-item status-publish has-post-thumbnail hentry show-category-past-exhibitions info-bellow\">\n\t<div class=\"eltdf-show-inner\">\n\t\t\t\t\t<div class=\"eltdf-show-image\">\n\t\t\t\t<a itemprop=\"url\" href=\"https:\/\/museedeshospitalieres.qc.ca\/en\/activites\/corpus-insolite-jana-sterbak\/\" target=\"_self\">\n\t\t\t\t\t<img loading=\"lazy\" decoding=\"async\" width=\"800\" height=\"1260\" src=\"https:\/\/museedeshospitalieres.qc.ca\/wp-content\/uploads\/2025\/10\/Site-web_Expositions-passees_Corpus-insolite.jpg\" class=\"attachment-full size-full\" alt=\"\" srcset=\"https:\/\/museedeshospitalieres.qc.ca\/wp-content\/uploads\/2025\/10\/Site-web_Expositions-passees_Corpus-insolite.jpg 800w, https:\/\/museedeshospitalieres.qc.ca\/wp-content\/uploads\/2025\/10\/Site-web_Expositions-passees_Corpus-insolite-190x300.jpg 190w, https:\/\/museedeshospitalieres.qc.ca\/wp-content\/uploads\/2025\/10\/Site-web_Expositions-passees_Corpus-insolite-650x1024.jpg 650w, https:\/\/museedeshospitalieres.qc.ca\/wp-content\/uploads\/2025\/10\/Site-web_Expositions-passees_Corpus-insolite-768x1210.jpg 768w\" sizes=\"auto, (max-width: 800px) 100vw, 800px\" \/>\t\t\t\t<\/a>\n\t\t\t<\/div>\n\t\t\t\t<div class=\"eltdf-show-info\">\n            <div class=\"eltdf-show-info-wrapper\">\n                                    <div class=\"eltdf-show-categories-holder\">\n                                                    <a itemprop=\"url\" class=\"eltdf-show-categories\" href=\"https:\/\/museedeshospitalieres.qc.ca\/en\/shows-category\/past-exhibitions\/\">Past Exhibitions<\/a>\n                                            <\/div>\n                                                <div class=\"eltdf-show-title-holder\">\n                    <h5 itemprop=\"name\" class=\"eltdf-show-name entry-title\">\n                        <a itemprop=\"url\" href=\"https:\/\/museedeshospitalieres.qc.ca\/en\/activites\/corpus-insolite-jana-sterbak\/\">Corpus insolite: Jana Sterbak<\/a>\n                    <\/h5>\n                <\/div>\n            <\/div>\n                        <div class=\"eltdf-event-post-read-more-button\">\n                <a itemprop=\"url\" href=\"https:\/\/museedeshospitalieres.qc.ca\/en\/activites\/corpus-insolite-jana-sterbak\/\" target=\"_self\"  class=\"eltdf-btn eltdf-btn-medium eltdf-btn-simple eltdf-blog-list-button\"  >    <span class=\"eltdf-btn-text\">View more<\/span>    <\/a>            <\/div>\n\t\t<\/div>\n\t<\/div>\n<\/div>\n<div class=\"eltdf-show eltdf-item-space  show-item has-post-thumbnail hentry show-category-exhibition info-bellow post-5133 type-show-item status-publish has-post-thumbnail hentry show-category-past-exhibitions info-bellow\">\n\t<div class=\"eltdf-show-inner\">\n\t\t\t\t\t<div class=\"eltdf-show-image\">\n\t\t\t\t<a itemprop=\"url\" href=\"https:\/\/museedeshospitalieres.qc.ca\/en\/activites\/our-mountain\/\" target=\"_self\">\n\t\t\t\t\t<img loading=\"lazy\" decoding=\"async\" width=\"800\" height=\"1260\" src=\"https:\/\/museedeshospitalieres.qc.ca\/wp-content\/uploads\/2025\/01\/Expositions-passees_Notre-montagne.jpg\" class=\"attachment-full size-full\" alt=\"\" srcset=\"https:\/\/museedeshospitalieres.qc.ca\/wp-content\/uploads\/2025\/01\/Expositions-passees_Notre-montagne.jpg 800w, https:\/\/museedeshospitalieres.qc.ca\/wp-content\/uploads\/2025\/01\/Expositions-passees_Notre-montagne-190x300.jpg 190w, https:\/\/museedeshospitalieres.qc.ca\/wp-content\/uploads\/2025\/01\/Expositions-passees_Notre-montagne-650x1024.jpg 650w, https:\/\/museedeshospitalieres.qc.ca\/wp-content\/uploads\/2025\/01\/Expositions-passees_Notre-montagne-768x1210.jpg 768w\" sizes=\"auto, (max-width: 800px) 100vw, 800px\" \/>\t\t\t\t<\/a>\n\t\t\t<\/div>\n\t\t\t\t<div class=\"eltdf-show-info\">\n            <div class=\"eltdf-show-info-wrapper\">\n                                    <div class=\"eltdf-show-categories-holder\">\n                                                    <a itemprop=\"url\" class=\"eltdf-show-categories\" href=\"https:\/\/museedeshospitalieres.qc.ca\/en\/shows-category\/past-exhibitions\/\">Past Exhibitions<\/a>\n                                            <\/div>\n                                                <div class=\"eltdf-show-title-holder\">\n                    <h5 itemprop=\"name\" class=\"eltdf-show-name entry-title\">\n                        <a itemprop=\"url\" href=\"https:\/\/museedeshospitalieres.qc.ca\/en\/activites\/our-mountain\/\">Our Mountain. Memories of Mount Royal<\/a>\n                    <\/h5>\n                <\/div>\n            <\/div>\n                        <div class=\"eltdf-event-post-read-more-button\">\n                <a itemprop=\"url\" href=\"https:\/\/museedeshospitalieres.qc.ca\/en\/activites\/our-mountain\/\" target=\"_self\"  class=\"eltdf-btn eltdf-btn-medium eltdf-btn-simple eltdf-blog-list-button\"  >    <span class=\"eltdf-btn-text\">View more<\/span>    <\/a>            <\/div>\n\t\t<\/div>\n\t<\/div>\n<\/div>\n<div class=\"eltdf-show eltdf-item-space  show-item has-post-thumbnail hentry show-category-exhibition info-bellow post-4030 type-show-item status-publish has-post-thumbnail hentry show-category-past-exhibitions info-bellow\">\n\t<div class=\"eltdf-show-inner\">\n\t\t\t\t\t<div class=\"eltdf-show-image\">\n\t\t\t\t<a itemprop=\"url\" href=\"https:\/\/museedeshospitalieres.qc.ca\/en\/activites\/100-years-of-care\/\" target=\"_self\">\n\t\t\t\t\t<img loading=\"lazy\" decoding=\"async\" width=\"800\" height=\"1260\" src=\"https:\/\/museedeshospitalieres.qc.ca\/wp-content\/uploads\/2022\/11\/Expositions-passees-100-ans-a-veiller-sur-la-sante_OIIQ.png\" class=\"attachment-full size-full\" alt=\"\" srcset=\"https:\/\/museedeshospitalieres.qc.ca\/wp-content\/uploads\/2022\/11\/Expositions-passees-100-ans-a-veiller-sur-la-sante_OIIQ.png 800w, https:\/\/museedeshospitalieres.qc.ca\/wp-content\/uploads\/2022\/11\/Expositions-passees-100-ans-a-veiller-sur-la-sante_OIIQ-190x300.png 190w, https:\/\/museedeshospitalieres.qc.ca\/wp-content\/uploads\/2022\/11\/Expositions-passees-100-ans-a-veiller-sur-la-sante_OIIQ-650x1024.png 650w, https:\/\/museedeshospitalieres.qc.ca\/wp-content\/uploads\/2022\/11\/Expositions-passees-100-ans-a-veiller-sur-la-sante_OIIQ-768x1210.png 768w\" sizes=\"auto, (max-width: 800px) 100vw, 800px\" \/>\t\t\t\t<\/a>\n\t\t\t<\/div>\n\t\t\t\t<div class=\"eltdf-show-info\">\n            <div class=\"eltdf-show-info-wrapper\">\n                                    <div class=\"eltdf-show-categories-holder\">\n                                                    <a itemprop=\"url\" class=\"eltdf-show-categories\" href=\"https:\/\/museedeshospitalieres.qc.ca\/en\/shows-category\/past-exhibitions\/\">Past Exhibitions<\/a>\n                                            <\/div>\n                                                <div class=\"eltdf-show-title-holder\">\n                    <h5 itemprop=\"name\" class=\"eltdf-show-name entry-title\">\n                        <a itemprop=\"url\" href=\"https:\/\/museedeshospitalieres.qc.ca\/en\/activites\/100-years-of-care\/\">100 years of care<\/a>\n                    <\/h5>\n                <\/div>\n            <\/div>\n                        <div class=\"eltdf-event-post-read-more-button\">\n                <a itemprop=\"url\" href=\"https:\/\/museedeshospitalieres.qc.ca\/en\/activites\/100-years-of-care\/\" target=\"_self\"  class=\"eltdf-btn eltdf-btn-medium eltdf-btn-simple eltdf-blog-list-button\"  >    <span class=\"eltdf-btn-text\">View more<\/span>    <\/a>            <\/div>\n\t\t<\/div>\n\t<\/div>\n<\/div>\t<\/div>\n\t\t<div class=\"eltdf-sl-loading\">\n\t\t<div class=\"eltdf-sl-loading-bounce1\"><\/div>\n\t\t<div class=\"eltdf-sl-loading-bounce2\"><\/div>\n\t\t<div class=\"eltdf-sl-loading-bounce3\"><\/div>\n\t<\/div>\n\t\t\t\t<div class=\"eltdf-sl-standard-pagination\">\n\t\t\t\t<ul>\n\t\t\t\t\t<li class=\"eltdf-sl-pag-prev\">\n\t\t\t\t\t\t<a href=\"#\" data-paged=\"1\"><span class=\"icon-arrows-left\"><\/span><\/a>\n\t\t\t\t\t<\/li>\n\t\t\t\t\t\t\t\t\t\t\t\t\t\t\t\t\t<li class=\"eltdf-sl-pag-number eltdf-sl-pag-active\">\n\t\t\t\t\t\t\t<a href=\"#\" data-paged=\"1\">1<\/a>\n\t\t\t\t\t\t<\/li>\n\t\t\t\t\t\t\t\t\t\t\t\t\t\t\t\t\t<li class=\"eltdf-sl-pag-number \">\n\t\t\t\t\t\t\t<a href=\"#\" data-paged=\"2\">2<\/a>\n\t\t\t\t\t\t<\/li>\n\t\t\t\t\t\t\t\t\t\t<li class=\"eltdf-sl-pag-next\">\n\t\t\t\t\t\t<a href=\"#\" data-paged=\"2\"><span class=\"icon-arrows-right\"><\/span><\/a>\n\t\t\t\t\t<\/li>\n\t\t\t\t<\/ul>\n\t\t\t<\/div>\n\t\t<\/div>[\/vc_column][\/vc_row]<\/p>\n<\/div>","protected":false},"excerpt":{"rendered":"<p>[vc_row content_placement=&#8221;middle&#8221; row_content_width=&#8221;grid&#8221; content_text_aligment=&#8221;center&#8221; css=&#8221;.vc_custom_1611642837788{padding-bottom: 51px !important;}&#8221;][vc_column offset=&#8221;vc_col-lg-offset-0 vc_col-lg-12 vc_col-md-offset-0 vc_col-md-12 vc_col-sm-offset-0 vc_col-xs-12&#8243;][\/vc_column][\/vc_row][vc_row row_content_width=&#8221;grid&#8221; css=&#8221;.vc_custom_1569500164596{padding-bottom: 80px !important;}&#8221;][vc_column][\/vc_column][\/vc_row][vc_row content_placement=&#8221;middle&#8221; row_content_width=&#8221;grid&#8221; content_text_aligment=&#8221;center&#8221; css=&#8221;.vc_custom_1611642837788{padding-bottom: 51px !important;}&#8221;][vc_column offset=&#8221;vc_col-lg-offset-0 vc_col-lg-12 vc_col-md-offset-0 vc_col-md-12 vc_col-sm-offset-0 vc_col-xs-12&#8243;][\/vc_column][\/vc_row][vc_row row_content_width=&#8221;grid&#8221; css=&#8221;.vc_custom_1569500187539{padding-bottom: 80px !important;}&#8221;][vc_column][\/vc_column][\/vc_row]<\/p>\n","protected":false},"author":2,"featured_media":0,"parent":0,"menu_order":0,"comment_status":"closed","ping_status":"closed","template":"","meta":{"footnotes":""},"class_list":["post-3626","page","type-page","status-publish","hentry"],"_links":{"self":[{"href":"https:\/\/museedeshospitalieres.qc.ca\/en\/wp-json\/wp\/v2\/pages\/3626","targetHints":{"allow":["GET"]}}],"collection":[{"href":"https:\/\/museedeshospitalieres.qc.ca\/en\/wp-json\/wp\/v2\/pages"}],"about":[{"href":"https:\/\/museedeshospitalieres.qc.ca\/en\/wp-json\/wp\/v2\/types\/page"}],"author":[{"embeddable":true,"href":"https:\/\/museedeshospitalieres.qc.ca\/en\/wp-json\/wp\/v2\/users\/2"}],"replies":[{"embeddable":true,"href":"https:\/\/museedeshospitalieres.qc.ca\/en\/wp-json\/wp\/v2\/comments?post=3626"}],"version-history":[{"count":5,"href":"https:\/\/museedeshospitalieres.qc.ca\/en\/wp-json\/wp\/v2\/pages\/3626\/revisions"}],"predecessor-version":[{"id":3631,"href":"https:\/\/museedeshospitalieres.qc.ca\/en\/wp-json\/wp\/v2\/pages\/3626\/revisions\/3631"}],"wp:attachment":[{"href":"https:\/\/museedeshospitalieres.qc.ca\/en\/wp-json\/wp\/v2\/media?parent=3626"}],"curies":[{"name":"wp","href":"https:\/\/api.w.org\/{rel}","templated":true}]}}